{"id":225,"date":"2020-06-23T13:37:00","date_gmt":"2020-06-23T18:37:00","guid":{"rendered":"http:\/\/mlevasseur.recherche.usherbrooke.ca\/?page_id=225"},"modified":"2020-06-23T13:42:03","modified_gmt":"2020-06-23T18:42:03","slug":"le-maintien-a-domicile-des-aines-de-fleurimont-pourquoi-pour-qui-comment","status":"publish","type":"page","link":"https:\/\/mlevasseur.recherche.usherbrooke.ca\/en\/le-maintien-a-domicile-des-aines-de-fleurimont-pourquoi-pour-qui-comment\/","title":{"rendered":"Home support for seniors in Fleurimont"},"content":{"rendered":"<h2 class=\"wp-block-heading\">Why? For who? How?<\/h2>\n\n\n\n<figure class=\"wp-block-video aligncenter\"><video controls src=\"https:\/\/mlevasseur.recherche.usherbrooke.ca\/video\/Vodcast_Labonte_et_al.mp4\"><\/video><figcaption>Summary of a study carried out by student researchers enrolled in the master&#039;s program in occupational therapy at the University of Sherbrooke. Don\u2019t hesitate to share!<\/figcaption><\/figure>\n\n\n\n<p><strong>Fabienne Labonte<sup>1<\/sup>, Marina Sirois<sup>1<\/sup>, Amelie Roberge<sup>1<\/sup>, Marie-Eve Ravenelle<sup>1<\/sup>, Reem Hussein<sup>1<\/sup>, M\u00e9lanie Levasseur erg., PhD.<sup>1, 2<\/sup><\/strong><\/p>\n\n\n\n<p><sup>1<\/sup> University of Sherbrooke, Occupational Therapy Program; <sup>2<\/sup> Center for research on aging, CIUSSS de l\u2019Estrie\u2013CHUS<\/p>\n\n\n\n<p><\/p>\n\n\n\n<div class=\"wp-block-group\"><div class=\"wp-block-group__inner-container is-layout-flow wp-block-group-is-layout-flow\">\n<div class=\"wp-block-group is-layout-flow wp-block-group-is-layout-flow\"><div class=\"wp-block-group__inner-container\"><\/div><\/div>\n<\/div><\/div>\n\n\n\n<p><\/p>","protected":false},"excerpt":{"rendered":"<p>For what? For who? How? Fabienne Labont\u00e91, Marina Sirois1, Am\u00e9lie Roberge1, Marie-\u00c8ve Ravenelle1, Reem Hussein1, M\u00e9lanie Levasseur erg., PhD.1, 2 1 University of Sherbrooke, Occupational Therapy Program; 2 Research Center on Aging, CIUSSS de l\u2019Estrie\u2013CHUS<\/p>","protected":false},"author":1,"featured_media":0,"parent":0,"menu_order":0,"comment_status":"closed","ping_status":"closed","template":"","meta":{"footnotes":""},"class_list":["post-225","page","type-page","status-publish","hentry"],"_links":{"self":[{"href":"https:\/\/mlevasseur.recherche.usherbrooke.ca\/en\/wp-json\/wp\/v2\/pages\/225","targetHints":{"allow":["GET"]}}],"collection":[{"href":"https:\/\/mlevasseur.recherche.usherbrooke.ca\/en\/wp-json\/wp\/v2\/pages"}],"about":[{"href":"https:\/\/mlevasseur.recherche.usherbrooke.ca\/en\/wp-json\/wp\/v2\/types\/page"}],"author":[{"embeddable":true,"href":"https:\/\/mlevasseur.recherche.usherbrooke.ca\/en\/wp-json\/wp\/v2\/users\/1"}],"replies":[{"embeddable":true,"href":"https:\/\/mlevasseur.recherche.usherbrooke.ca\/en\/wp-json\/wp\/v2\/comments?post=225"}],"version-history":[{"count":12,"href":"https:\/\/mlevasseur.recherche.usherbrooke.ca\/en\/wp-json\/wp\/v2\/pages\/225\/revisions"}],"predecessor-version":[{"id":252,"href":"https:\/\/mlevasseur.recherche.usherbrooke.ca\/en\/wp-json\/wp\/v2\/pages\/225\/revisions\/252"}],"wp:attachment":[{"href":"https:\/\/mlevasseur.recherche.usherbrooke.ca\/en\/wp-json\/wp\/v2\/media?parent=225"}],"curies":[{"name":"wp","href":"https:\/\/api.w.org\/{rel}","templated":true}]}}