{"id":44,"date":"2018-01-10T18:44:39","date_gmt":"2018-01-10T18:44:39","guid":{"rendered":"http:\/\/mlevasseur.recherche.usherbrooke.ca\/?page_id=44"},"modified":"2018-03-15T12:24:30","modified_gmt":"2018-03-15T17:24:30","slug":"indice-du-potentiel-de-participation-sociale","status":"publish","type":"page","link":"https:\/\/mlevasseur.recherche.usherbrooke.ca\/en\/indice-du-potentiel-de-participation-sociale\/","title":{"rendered":"Social participation potential index"},"content":{"rendered":"<p>Update March 15, 2018: The final report submitted to the <a href=\"http:\/\/www.frqsc.gouv.qc.ca\/\">FRQSC<\/a> is publicly available. You can download the full report or a summary below:<\/p>\n<ul>\n<li><a href=\"http:\/\/mlevasseur.recherche.usherbrooke.ca\/en\/rapport\/1Promo_MLevasseur_VF.pdf\/\">promotional item<\/a><\/li>\n<li><a href=\"http:\/\/mlevasseur.recherche.usherbrooke.ca\/en\/rapport\/2Resume_MLevasseur_VF.pdf\/\">Summary<\/a><\/li>\n<li><a href=\"http:\/\/mlevasseur.recherche.usherbrooke.ca\/en\/rapport\/3Integral_MLevasseur_VF.pdf\/\">Full report<\/a><\/li>\n<\/ul>\n<hr \/>\n<p>The general objective of this project was thus to better understand the social participation of aging Quebecers and to develop a <strong>social participation potential index<\/strong> (IPPS), a decision support tool that represents, in the form of an interactive atlas, the potential for social participation of the environments of aging Quebecers at the level of neighbourhoods, boroughs, municipalities and administrative regions.<\/p>\n<p>The social participation potential index was calculated systematically for the administrative entities which are:<\/p>\n<ul>\n<li><a href=\"http:\/\/mlevasseur.recherche.usherbrooke.ca\/en\/indice-du-potentiel-de-participation-sociale\/echelle-des-quartiers\/\">dissemination areas (neighbourhoods)<\/a>,<\/li>\n<li><a href=\"http:\/\/mlevasseur.recherche.usherbrooke.ca\/en\/indice-du-potentiel-de-participation-sociale\/echelle-des-arrondissements-et-des-municipalites\/\">boroughs (if applicable) and municipalities<\/a>, and<\/li>\n<li><a href=\"http:\/\/mlevasseur.recherche.usherbrooke.ca\/en\/indice-du-potentiel-de-participation-sociale\/echelle-des-regions-administratives\/\">administrative regions<\/a>.<\/li>\n<\/ul>\n<p>The methodology used is briefly described below:<\/p>\n<ol>\n<li><strong>Preferred methodological approach<\/strong> : The IPPS is based on quantitative and spatial analyzes that have made it possible to describe social participation, to verify its associations with environmental and individual characteristics, and to map the potential for social participation of neighborhoods, boroughs, municipalities and administrative regions of Quebec .<\/li>\n<li><strong>Data collection methods<\/strong> : Individual data, including frequency of participation in social activities, are taken from the<a href=\"http:\/\/www23.statcan.gc.ca\/imdb\/p2SV_f.pl?Function=getSurvey&amp;SDDS=5146&amp;\">Canadian Community Health Survey \u2013 Healthy Aging (CCHS-HA)<\/a>, produced by Statistics Canada. The environmental data comes from varied and reliable databases, supplemented by surveys of the boroughs, municipalities and transportation organizations of Quebec.<\/li>\n<li><strong>Corpus or sample<\/strong> : The ESCC-VS is a representative sample of the Quebec population aged between 45 and 64 (n=2,464) or 65 and over (n=2,737). The environmental databases cover all of Quebec, except indigenous reserves and northern municipalities. Good response rates were obtained from the surveys (n = 579 districts\/municipalities; 50.9 % and n = 69 transport organizations; 39.4 % completed by the Ministry of Transport, Sustainable Mobility and Electrification of transport and websites).<\/li>\n<li><strong>Analysis strategies and techniques<\/strong> : The matching of environmental data to individual data made it possible to carry out regression models that identified the environmental characteristics most associated with the social participation of seniors. Finally, the potential for social participation was calculated at the level of neighbourhoods, boroughs, municipalities and administrative regions of Quebec using principal component analyses. For interactive viewing and comparison, the potential score has been mapped and posted on this website.<\/li>\n<\/ol>","protected":false},"excerpt":{"rendered":"<p>Mise \u00e0 jour 15 mars 2018: Le rapport final soumis au FRQSC est disponible publiquement. Vous pouvez t\u00e9l\u00e9charger le rapport int\u00e9gral ou un r\u00e9sum\u00e9 ci-dessous: Article promotionnel R\u00e9sum\u00e9 Rapport int\u00e9gral L\u2019objectif g\u00e9n\u00e9ral de ce projet \u00e9tait ainsi de mieux comprendre la participation sociale des Qu\u00e9b\u00e9cois vieillissants et de d\u00e9velopper un indice du potentiel de participation [&hellip;]<\/p>\n","protected":false},"author":1,"featured_media":0,"parent":0,"menu_order":0,"comment_status":"closed","ping_status":"closed","template":"template-full-width.php","meta":{"footnotes":""},"class_list":["post-44","page","type-page","status-publish","hentry"],"_links":{"self":[{"href":"https:\/\/mlevasseur.recherche.usherbrooke.ca\/en\/wp-json\/wp\/v2\/pages\/44","targetHints":{"allow":["GET"]}}],"collection":[{"href":"https:\/\/mlevasseur.recherche.usherbrooke.ca\/en\/wp-json\/wp\/v2\/pages"}],"about":[{"href":"https:\/\/mlevasseur.recherche.usherbrooke.ca\/en\/wp-json\/wp\/v2\/types\/page"}],"author":[{"embeddable":true,"href":"https:\/\/mlevasseur.recherche.usherbrooke.ca\/en\/wp-json\/wp\/v2\/users\/1"}],"replies":[{"embeddable":true,"href":"https:\/\/mlevasseur.recherche.usherbrooke.ca\/en\/wp-json\/wp\/v2\/comments?post=44"}],"version-history":[{"count":18,"href":"https:\/\/mlevasseur.recherche.usherbrooke.ca\/en\/wp-json\/wp\/v2\/pages\/44\/revisions"}],"predecessor-version":[{"id":143,"href":"https:\/\/mlevasseur.recherche.usherbrooke.ca\/en\/wp-json\/wp\/v2\/pages\/44\/revisions\/143"}],"wp:attachment":[{"href":"https:\/\/mlevasseur.recherche.usherbrooke.ca\/en\/wp-json\/wp\/v2\/media?parent=44"}],"curies":[{"name":"wp","href":"https:\/\/api.w.org\/{rel}","templated":true}]}}