{"id":461,"date":"2023-04-03T15:26:07","date_gmt":"2023-04-03T20:26:07","guid":{"rendered":"https:\/\/mlevasseur.recherche.usherbrooke.ca\/?page_id=461"},"modified":"2023-04-03T15:26:07","modified_gmt":"2023-04-03T20:26:07","slug":"colloque-acfas-2021","status":"publish","type":"page","link":"https:\/\/mlevasseur.recherche.usherbrooke.ca\/en\/colloque-acfas-2021\/","title":{"rendered":"Acfas Conference 2021"},"content":{"rendered":"<p>The aging of the population: how can we encourage more and better social participation and a healthy and active lifestyle for seniors?<\/p>\n\n\n\n<p>From Wednesday May 5 to Thursday May 6, 2021, online.<\/p>\n\n\n\n<figure class=\"wp-block-image size-large is-resized is-style-longdesc\"><img fetchpriority=\"high\" decoding=\"async\" src=\"https:\/\/mlevasseur.recherche.usherbrooke.ca\/wp-content\/uploads\/2023\/04\/image-1024x571.png\" alt=\"Diapositive de la conclusion du colloque, par M\u00e9lanie Levasseur\" class=\"wp-image-466\" width=\"502\" height=\"280\" srcset=\"https:\/\/mlevasseur.recherche.usherbrooke.ca\/wp-content\/uploads\/2023\/04\/image-1024x571.png 1024w, https:\/\/mlevasseur.recherche.usherbrooke.ca\/wp-content\/uploads\/2023\/04\/image-300x167.png 300w, https:\/\/mlevasseur.recherche.usherbrooke.ca\/wp-content\/uploads\/2023\/04\/image-768x428.png 768w, https:\/\/mlevasseur.recherche.usherbrooke.ca\/wp-content\/uploads\/2023\/04\/image-1536x856.png 1536w, https:\/\/mlevasseur.recherche.usherbrooke.ca\/wp-content\/uploads\/2023\/04\/image-18x10.png 18w, https:\/\/mlevasseur.recherche.usherbrooke.ca\/wp-content\/uploads\/2023\/04\/image.png 1809w\" sizes=\"(max-width: 502px) 100vw, 502px\" \/><\/figure>\n\n\n\n<p>The program and video recordings are available <a href=\"https:\/\/www.acfas.ca\/evenements\/congres\/programme\/88\/600\/604\/c\" target=\"_blank\" rel=\"noreferrer noopener\">on the Acfas website<\/a>. Video recordings are also available via <a href=\"https:\/\/vimeo.com\/user138262882\" target=\"_blank\" rel=\"noreferrer noopener\">Vimeo<\/a>. <\/p>\n\n\n\n<p>THE <a href=\"https:\/\/mlevasseur.recherche.usherbrooke.ca\/wp-content\/uploads\/2023\/04\/ActeColloque604.pdf\" data-type=\"attachment\" data-id=\"464\">conference proceedings<\/a> summarize all the presentations and are available in PDF format. <\/p>\n\n\n\n<p>Levasseur, M., B\u00e9trisey, C., Naud, D., McNeil-Gauthier, A.-L. (2021). <em>The aging of the population: How can we encourage more and better social participation and a healthy and active lifestyle for seniors?<\/em> Conference proceedings, Sherbrooke, May 5-6, ACFAS.<\/p>\n\n\n<a href=\"https:\/\/mlevasseur.recherche.usherbrooke.ca\/wp-content\/uploads\/2023\/04\/ActeColloque604.pdf\" class=\"pdfemb-viewer\" style=\"\" data-width=\"max\" data-height=\"max\" data-toolbar=\"both\" data-toolbar-fixed=\"on\">ActColloquy604<\/a>\n<p class=\"wp-block-pdfemb-pdf-embedder-viewer\"><\/p>","protected":false},"excerpt":{"rendered":"<p>Le vieillissement de la population : comment peut-on favoriser davantage et mieux la participation sociale et un mode de vie sain et actif des a\u00een\u00e9s? Du mercredi 5 au jeudi 6 mai 2021, en ligne. Le programme et les enregistrements vid\u00e9os sont disponibles sur le site de l&#8217;Acfas. Les enregistrements vid\u00e9os sont aussi disponibles via [&hellip;]<\/p>\n","protected":false},"author":1,"featured_media":0,"parent":0,"menu_order":0,"comment_status":"closed","ping_status":"closed","template":"","meta":{"footnotes":""},"class_list":["post-461","page","type-page","status-publish","hentry"],"_links":{"self":[{"href":"https:\/\/mlevasseur.recherche.usherbrooke.ca\/en\/wp-json\/wp\/v2\/pages\/461","targetHints":{"allow":["GET"]}}],"collection":[{"href":"https:\/\/mlevasseur.recherche.usherbrooke.ca\/en\/wp-json\/wp\/v2\/pages"}],"about":[{"href":"https:\/\/mlevasseur.recherche.usherbrooke.ca\/en\/wp-json\/wp\/v2\/types\/page"}],"author":[{"embeddable":true,"href":"https:\/\/mlevasseur.recherche.usherbrooke.ca\/en\/wp-json\/wp\/v2\/users\/1"}],"replies":[{"embeddable":true,"href":"https:\/\/mlevasseur.recherche.usherbrooke.ca\/en\/wp-json\/wp\/v2\/comments?post=461"}],"version-history":[{"count":5,"href":"https:\/\/mlevasseur.recherche.usherbrooke.ca\/en\/wp-json\/wp\/v2\/pages\/461\/revisions"}],"predecessor-version":[{"id":469,"href":"https:\/\/mlevasseur.recherche.usherbrooke.ca\/en\/wp-json\/wp\/v2\/pages\/461\/revisions\/469"}],"wp:attachment":[{"href":"https:\/\/mlevasseur.recherche.usherbrooke.ca\/en\/wp-json\/wp\/v2\/media?parent=461"}],"curies":[{"name":"wp","href":"https:\/\/api.w.org\/{rel}","templated":true}]}}