{"id":477,"date":"2023-05-25T14:16:53","date_gmt":"2023-05-25T19:16:53","guid":{"rendered":"https:\/\/mlevasseur.recherche.usherbrooke.ca\/?page_id=477"},"modified":"2023-05-26T07:46:37","modified_gmt":"2023-05-26T12:46:37","slug":"portrait-de-laboratoire","status":"publish","type":"page","link":"https:\/\/mlevasseur.recherche.usherbrooke.ca\/en\/portrait-de-laboratoire\/","title":{"rendered":"Laboratory portrait"},"content":{"rendered":"<p>Passionate about working with seniors, Professor M\u00e9lanie Levasseur and her team show us that well-targeted interventions can facilitate the social participation of seniors and thus contribute to their well-being.<\/p>\n\n\n\n<figure class=\"wp-block-video\"><video controls src=\"https:\/\/mlevasseur.recherche.usherbrooke.ca\/video\/PORTRAIT_laboratoire_Melanie_Levasseur_FINAL.mp4\" playsinline><\/video><figcaption class=\"wp-element-caption\">M\u00e9lanie Levasseur introduces us to her research interests.<\/figcaption><\/figure>\n\n\n\n<p><strong>Meet the team members<\/strong> <strong>by M\u00e9lanie Levasseur<\/strong><\/p>\n\n\n\n<figure class=\"wp-block-gallery has-nested-images columns-default is-cropped wp-block-gallery-1 is-layout-flex wp-block-gallery-is-layout-flex\">\n<figure class=\"wp-block-image size-large\"><img fetchpriority=\"high\" decoding=\"async\" width=\"960\" height=\"640\" data-id=\"482\" src=\"https:\/\/mlevasseur.recherche.usherbrooke.ca\/wp-content\/uploads\/2023\/05\/t.tlx_.jpg\" alt=\"M\u00e9lanie Levasseur\" class=\"wp-image-482\" srcset=\"https:\/\/mlevasseur.recherche.usherbrooke.ca\/wp-content\/uploads\/2023\/05\/t.tlx_.jpg 960w, https:\/\/mlevasseur.recherche.usherbrooke.ca\/wp-content\/uploads\/2023\/05\/t.tlx_-300x200.jpg 300w, https:\/\/mlevasseur.recherche.usherbrooke.ca\/wp-content\/uploads\/2023\/05\/t.tlx_-768x512.jpg 768w, https:\/\/mlevasseur.recherche.usherbrooke.ca\/wp-content\/uploads\/2023\/05\/t.tlx_-18x12.jpg 18w\" sizes=\"(max-width: 960px) 100vw, 960px\" \/><\/figure>\n\n\n\n<figure class=\"wp-block-image size-large\"><img decoding=\"async\" width=\"960\" height=\"640\" data-id=\"491\" src=\"https:\/\/mlevasseur.recherche.usherbrooke.ca\/wp-content\/uploads\/2023\/05\/t.tlx10.jpg\" alt=\"M\u00e9lanie Levasseur et Marie-H\u00e9l\u00e8ne L\u00e9vesque\" class=\"wp-image-491\" srcset=\"https:\/\/mlevasseur.recherche.usherbrooke.ca\/wp-content\/uploads\/2023\/05\/t.tlx10.jpg 960w, https:\/\/mlevasseur.recherche.usherbrooke.ca\/wp-content\/uploads\/2023\/05\/t.tlx10-300x200.jpg 300w, https:\/\/mlevasseur.recherche.usherbrooke.ca\/wp-content\/uploads\/2023\/05\/t.tlx10-768x512.jpg 768w, https:\/\/mlevasseur.recherche.usherbrooke.ca\/wp-content\/uploads\/2023\/05\/t.tlx10-18x12.jpg 18w\" sizes=\"(max-width: 960px) 100vw, 960px\" \/><\/figure>\n\n\n\n<figure class=\"wp-block-image size-large\"><img decoding=\"async\" width=\"960\" height=\"640\" data-id=\"492\" src=\"https:\/\/mlevasseur.recherche.usherbrooke.ca\/wp-content\/uploads\/2023\/05\/t.tlx11.jpg\" alt=\"Marika Lussier-Therrien, Trang Nguyen et Agathe Chaintre Prieur\" class=\"wp-image-492\" srcset=\"https:\/\/mlevasseur.recherche.usherbrooke.ca\/wp-content\/uploads\/2023\/05\/t.tlx11.jpg 960w, https:\/\/mlevasseur.recherche.usherbrooke.ca\/wp-content\/uploads\/2023\/05\/t.tlx11-300x200.jpg 300w, https:\/\/mlevasseur.recherche.usherbrooke.ca\/wp-content\/uploads\/2023\/05\/t.tlx11-768x512.jpg 768w, https:\/\/mlevasseur.recherche.usherbrooke.ca\/wp-content\/uploads\/2023\/05\/t.tlx11-18x12.jpg 18w\" sizes=\"(max-width: 960px) 100vw, 960px\" \/><\/figure>\n\n\n\n<figure class=\"wp-block-image size-large is-style-longdesc\"><img loading=\"lazy\" decoding=\"async\" width=\"960\" height=\"640\" data-id=\"494\" src=\"https:\/\/mlevasseur.recherche.usherbrooke.ca\/wp-content\/uploads\/2023\/05\/t.tlx13.jpg\" alt=\"Mingxin Liu, Daniel Naud, Agathe Chaintre Prieur, Maria Dolores Majon Valpuesta, Sophie Ardenghi Albuquerque, Carine B\u00e9trisey, Marika Lussier-Therrien, Joanie Lacasse-B\u00e9dard, Trang Nguyen, M\u00e9lanie Levaseeur, St\u00e9phanie Meynet et Marie-H\u00e9l\u00e8ne L\u00e9vesque (de haut en bas et de gauche \u00e0 droite)\" class=\"wp-image-494\" srcset=\"https:\/\/mlevasseur.recherche.usherbrooke.ca\/wp-content\/uploads\/2023\/05\/t.tlx13.jpg 960w, https:\/\/mlevasseur.recherche.usherbrooke.ca\/wp-content\/uploads\/2023\/05\/t.tlx13-300x200.jpg 300w, https:\/\/mlevasseur.recherche.usherbrooke.ca\/wp-content\/uploads\/2023\/05\/t.tlx13-768x512.jpg 768w, https:\/\/mlevasseur.recherche.usherbrooke.ca\/wp-content\/uploads\/2023\/05\/t.tlx13-18x12.jpg 18w\" sizes=\"(max-width: 960px) 100vw, 960px\" \/><\/figure>\n\n\n\n<figure class=\"wp-block-image size-large is-style-longdesc\"><img loading=\"lazy\" decoding=\"async\" width=\"960\" height=\"640\" data-id=\"493\" src=\"https:\/\/mlevasseur.recherche.usherbrooke.ca\/wp-content\/uploads\/2023\/05\/t.tlx12.jpg\" alt=\"Daniel Naud, Mingxin Liu, St\u00e9phanie Meynet, Maria Dolores Majon Valpuesta, Marika Lussier-Therrien, Trang Nguyen et Agathe Chaintre Prieur\" class=\"wp-image-493\" srcset=\"https:\/\/mlevasseur.recherche.usherbrooke.ca\/wp-content\/uploads\/2023\/05\/t.tlx12.jpg 960w, https:\/\/mlevasseur.recherche.usherbrooke.ca\/wp-content\/uploads\/2023\/05\/t.tlx12-300x200.jpg 300w, https:\/\/mlevasseur.recherche.usherbrooke.ca\/wp-content\/uploads\/2023\/05\/t.tlx12-768x512.jpg 768w, https:\/\/mlevasseur.recherche.usherbrooke.ca\/wp-content\/uploads\/2023\/05\/t.tlx12-18x12.jpg 18w\" sizes=\"(max-width: 960px) 100vw, 960px\" \/><\/figure>\n<\/figure>","protected":false},"excerpt":{"rendered":"<p>Passionate about working with seniors, Professor M\u00e9lanie Levasseur and her team show us that well-targeted interventions can facilitate the social participation of seniors and thus contribute to their well-being. Meet the members of M\u00e9lanie Levasseur\u2019s team<\/p>","protected":false},"author":1,"featured_media":0,"parent":0,"menu_order":0,"comment_status":"closed","ping_status":"closed","template":"","meta":{"footnotes":""},"class_list":["post-477","page","type-page","status-publish","hentry"],"_links":{"self":[{"href":"https:\/\/mlevasseur.recherche.usherbrooke.ca\/en\/wp-json\/wp\/v2\/pages\/477","targetHints":{"allow":["GET"]}}],"collection":[{"href":"https:\/\/mlevasseur.recherche.usherbrooke.ca\/en\/wp-json\/wp\/v2\/pages"}],"about":[{"href":"https:\/\/mlevasseur.recherche.usherbrooke.ca\/en\/wp-json\/wp\/v2\/types\/page"}],"author":[{"embeddable":true,"href":"https:\/\/mlevasseur.recherche.usherbrooke.ca\/en\/wp-json\/wp\/v2\/users\/1"}],"replies":[{"embeddable":true,"href":"https:\/\/mlevasseur.recherche.usherbrooke.ca\/en\/wp-json\/wp\/v2\/comments?post=477"}],"version-history":[{"count":19,"href":"https:\/\/mlevasseur.recherche.usherbrooke.ca\/en\/wp-json\/wp\/v2\/pages\/477\/revisions"}],"predecessor-version":[{"id":522,"href":"https:\/\/mlevasseur.recherche.usherbrooke.ca\/en\/wp-json\/wp\/v2\/pages\/477\/revisions\/522"}],"wp:attachment":[{"href":"https:\/\/mlevasseur.recherche.usherbrooke.ca\/en\/wp-json\/wp\/v2\/media?parent=477"}],"curies":[{"name":"wp","href":"https:\/\/api.w.org\/{rel}","templated":true}]}}