{"id":551,"date":"2023-07-05T09:09:33","date_gmt":"2023-07-05T14:09:33","guid":{"rendered":"https:\/\/mlevasseur.recherche.usherbrooke.ca\/?page_id=551"},"modified":"2026-04-10T11:53:57","modified_gmt":"2026-04-10T16:53:57","slug":"apic-temoignages-profils","status":"publish","type":"page","link":"https:\/\/mlevasseur.recherche.usherbrooke.ca\/en\/apic-temoignages-profils\/","title":{"rendered":"APIC \u2013 Testimonials \u2013 Profiles"},"content":{"rendered":"<div data-elementor-type=\"wp-page\" data-elementor-id=\"551\" class=\"elementor elementor-551\">\n\t\t\t\t\t\t<section class=\"elementor-section elementor-top-section elementor-element elementor-element-7cd9e526 elementor-section-full_width elementor-section-stretched elementor-section-height-default elementor-section-height-default\" data-id=\"7cd9e526\" data-element_type=\"section\" data-e-type=\"section\" data-settings=\"{&quot;stretch_section&quot;:&quot;section-stretched&quot;}\">\n\t\t\t\t\t\t<div class=\"elementor-container elementor-column-gap-default\">\n\t\t\t\t\t<div class=\"elementor-column elementor-col-100 elementor-top-column elementor-element elementor-element-1f00e187\" data-id=\"1f00e187\" data-element_type=\"column\" data-e-type=\"column\">\n\t\t\t<div class=\"elementor-widget-wrap elementor-element-populated\">\n\t\t\t\t\t\t<div class=\"elementor-element elementor-element-6d20c8de elementor-widget elementor-widget-shortcode\" data-id=\"6d20c8de\" data-element_type=\"widget\" data-e-type=\"widget\" data-widget_type=\"shortcode.default\">\n\t\t\t\t<div class=\"elementor-widget-container\">\n\t\t\t\t\t<div class=\"elementor-shortcode\"><div id=\"mega-menu-wrap-max_mega_menu_1\" class=\"mega-menu-wrap\"><div class=\"mega-menu-toggle\"><div class=\"mega-toggle-blocks-left\"><\/div><div class=\"mega-toggle-blocks-center\"><div class='mega-toggle-block mega-menu-toggle-block mega-toggle-block-1' id='mega-toggle-block-1'><span aria-expanded=\"false\" aria-haspopup=\"true\" role=\"button\" class='mega-toggle-label'><span class='mega-toggle-label-closed'>APIC MENU<\/span><span class='mega-toggle-label-open'>APIC MENU<\/span><\/span><\/div><\/div><div class=\"mega-toggle-blocks-right\"><\/div><\/div><ul id=\"mega-menu-max_mega_menu_1\" class=\"mega-menu max-mega-menu mega-menu-horizontal mega-no-js\" data-event=\"hover_intent\" data-effect=\"fade_up\" data-effect-speed=\"200\" data-effect-mobile=\"disabled\" data-effect-speed-mobile=\"0\" data-mobile-force-width=\"false\" data-second-click=\"go\" data-document-click=\"collapse\" data-vertical-behaviour=\"standard\" data-breakpoint=\"768\" data-unbind=\"true\" data-mobile-state=\"collapse_all\" data-mobile-direction=\"vertical\"><li class=\"mega-menu-item mega-menu-item-type-post_type mega-menu-item-object-page mega-align-bottom-left mega-menu-flyout mega-menu-item-817\" id=\"mega-menu-item-817\"><a class=\"mega-menu-link\" href=\"https:\/\/mlevasseur.recherche.usherbrooke.ca\/en\/apic-accueil\/\">APIC<\/a><\/li><li class=\"mega-menu-item mega-menu-item-type-post_type mega-menu-item-object-page mega-align-bottom-left mega-menu-flyout mega-menu-item-833\" id=\"mega-menu-item-833\"><a class=\"mega-menu-link\" href=\"https:\/\/mlevasseur.recherche.usherbrooke.ca\/en\/apic-presentation\/\">Program presentation<\/a><\/li><li class=\"mega-menu-item mega-menu-item-type-post_type mega-menu-item-object-page mega-align-bottom-left mega-menu-flyout mega-menu-item-841\" id=\"mega-menu-item-841\"><a class=\"mega-menu-link\" href=\"https:\/\/mlevasseur.recherche.usherbrooke.ca\/en\/apic-temoignages-profils\/\">Testimonials<\/a><\/li><li class=\"mega-menu-item mega-menu-item-type-post_type mega-menu-item-object-page mega-align-bottom-left mega-menu-flyout mega-menu-item-855\" id=\"mega-menu-item-855\"><a class=\"mega-menu-link\" href=\"https:\/\/mlevasseur.recherche.usherbrooke.ca\/en\/apic-participation-social\/\">Ideas for participating socially<\/a><\/li><li class=\"mega-menu-item mega-menu-item-type-post_type mega-menu-item-object-page mega-align-bottom-left mega-menu-flyout mega-menu-item-857\" id=\"mega-menu-item-857\"><a class=\"mega-menu-link\" href=\"https:\/\/mlevasseur.recherche.usherbrooke.ca\/en\/apic-publication\/\">Publications<\/a><\/li><li class=\"mega-menu-item mega-menu-item-type-post_type mega-menu-item-object-page mega-align-bottom-left mega-menu-flyout mega-menu-item-860\" id=\"mega-menu-item-860\"><a class=\"mega-menu-link\" href=\"https:\/\/mlevasseur.recherche.usherbrooke.ca\/en\/apic-organisme\/\"><span style=\"font-size: 18px;\" class=\"fas fa-map-marked-alt\"><\/span> Organizations offering APIC<\/a><\/li><li class=\"mega-menu-item mega-menu-item-type-post_type mega-menu-item-object-page mega-align-bottom-left mega-menu-flyout mega-menu-item-1529\" id=\"mega-menu-item-1529\"><a class=\"mega-menu-link\" href=\"https:\/\/mlevasseur.recherche.usherbrooke.ca\/en\/intranet\/\">Intranet<\/a><\/li><li class=\"mega-menu-item mega-menu-item-type-post_type mega-menu-item-object-page mega-align-bottom-left mega-menu-flyout mega-menu-item-862\" id=\"mega-menu-item-862\"><a class=\"mega-menu-link\" href=\"https:\/\/mlevasseur.recherche.usherbrooke.ca\/en\/apic-nous-contacter\/\">Contact us<\/a><\/li><\/ul><\/div><\/div>\t\t\t\t<\/div>\n\t\t\t\t<\/div>\n\t\t\t\t\t<\/div>\n\t\t<\/div>\n\t\t\t\t\t<\/div>\n\t\t<\/section>\n\t\t\t\t<section class=\"elementor-section elementor-top-section elementor-element elementor-element-32a418 elementor-section-boxed elementor-section-height-default elementor-section-height-default\" data-id=\"32a418\" data-element_type=\"section\" data-e-type=\"section\">\n\t\t\t\t\t\t<div class=\"elementor-container elementor-column-gap-default\">\n\t\t\t\t\t<div class=\"elementor-column elementor-col-100 elementor-top-column elementor-element elementor-element-7341702\" data-id=\"7341702\" data-element_type=\"column\" data-e-type=\"column\">\n\t\t\t<div class=\"elementor-widget-wrap elementor-element-populated\">\n\t\t\t\t\t\t<div class=\"elementor-element elementor-element-6dfc66ac elementor-widget elementor-widget-heading\" data-id=\"6dfc66ac\" data-element_type=\"widget\" data-e-type=\"widget\" data-widget_type=\"heading.default\">\n\t\t\t\t<div class=\"elementor-widget-container\">\n\t\t\t\t\t<h1 class=\"elementor-heading-title elementor-size-xxl\">My APIC experience<\/h1>\t\t\t\t<\/div>\n\t\t\t\t<\/div>\n\t\t\t\t\t<\/div>\n\t\t<\/div>\n\t\t\t\t\t<\/div>\n\t\t<\/section>\n\t\t\t\t<section class=\"elementor-section elementor-top-section elementor-element elementor-element-1200c45 elementor-section-boxed elementor-section-height-default elementor-section-height-default\" data-id=\"1200c45\" data-element_type=\"section\" data-e-type=\"section\" data-settings=\"{&quot;background_background&quot;:&quot;classic&quot;}\">\n\t\t\t\t\t\t<div class=\"elementor-container elementor-column-gap-default\">\n\t\t\t\t\t<div class=\"elementor-column elementor-col-33 elementor-top-column elementor-element elementor-element-a77a825\" data-id=\"a77a825\" data-element_type=\"column\" data-e-type=\"column\">\n\t\t\t<div class=\"elementor-widget-wrap elementor-element-populated\">\n\t\t\t\t\t\t<div class=\"elementor-element elementor-element-df4dc9b elementor-widget elementor-widget-image-box\" data-id=\"df4dc9b\" data-element_type=\"widget\" data-e-type=\"widget\" data-widget_type=\"image-box.default\">\n\t\t\t\t<div class=\"elementor-widget-container\">\n\t\t\t\t\t<div class=\"elementor-image-box-wrapper\"><div class=\"elementor-image-box-content\"><h3 class=\"elementor-image-box-title\">Testimony from senior participants<\/h3><p class=\"elementor-image-box-description\">\n<\/p><\/div><\/div>\t\t\t\t<\/div>\n\t\t\t\t<\/div>\n\t\t\t\t<div class=\"elementor-element elementor-element-8598bd5 elementor-widget-divider--view-line elementor-widget elementor-widget-divider\" data-id=\"8598bd5\" data-element_type=\"widget\" data-e-type=\"widget\" data-widget_type=\"divider.default\">\n\t\t\t\t<div class=\"elementor-widget-container\">\n\t\t\t\t\t<div class=\"elementor-divider\">\n\t\t\t<span class=\"elementor-divider-separator\">\n\t\t\t\t\t\t<\/span>\n\t\t<\/div>\t\t\t\t<\/div>\n\t\t\t\t<\/div>\n\t\t\t\t<div class=\"elementor-element elementor-element-a997397 elementor-widget elementor-widget-text-editor\" data-id=\"a997397\" data-element_type=\"widget\" data-e-type=\"widget\" data-widget_type=\"text-editor.default\">\n\t\t\t\t<div class=\"elementor-widget-container\">\n\t\t\t\t\t<p style=\"text-align: center;\">&quot;It helps us escape our solitude. We&#039;re happy when we see our companion; it&#039;s nice because we feel like they&#039;re trying to help us.&quot;<\/p>\t\t\t\t<\/div>\n\t\t\t\t<\/div>\n\t\t\t\t<div class=\"elementor-element elementor-element-d5fe972 elementor-position-top elementor-widget elementor-widget-image-box\" data-id=\"d5fe972\" data-element_type=\"widget\" data-e-type=\"widget\" data-widget_type=\"image-box.default\">\n\t\t\t\t<div class=\"elementor-widget-container\">\n\t\t\t\t\t<div class=\"elementor-image-box-wrapper\"><figure class=\"elementor-image-box-img\"><a href=\"https:\/\/mlevasseur.recherche.usherbrooke.ca\/en\/apic-temoignages-temoignage\/?profil=nesspresso\" tabindex=\"-1\"><img decoding=\"async\" src=\"https:\/\/mlevasseur.recherche.usherbrooke.ca\/wp-content\/uploads\/2018\/01\/espresso.jpg\" title=\"\" alt=\"\" loading=\"lazy\" \/><\/a><\/figure><div class=\"elementor-image-box-content\"><p class=\"elementor-image-box-description\">&quot;When I talk to her, it makes me feel good, because I&#039;m always alone. I was used to not talking, but now I like talking.&quot;\n\n<\/p><\/div><\/div>\t\t\t\t<\/div>\n\t\t\t\t<\/div>\n\t\t\t\t<div class=\"elementor-element elementor-element-937871f elementor-widget elementor-widget-text-editor\" data-id=\"937871f\" data-element_type=\"widget\" data-e-type=\"widget\" data-widget_type=\"text-editor.default\">\n\t\t\t\t<div class=\"elementor-widget-container\">\n\t\t\t\t\t<p style=\"text-align: center;\"><span data-teams=\"true\">&quot;It&#039;s a good deal. Having visitors is more intimate than sitting outside with several people. We can talk more freely.&quot;<\/span><\/p>\t\t\t\t<\/div>\n\t\t\t\t<\/div>\n\t\t\t\t\t<\/div>\n\t\t<\/div>\n\t\t\t\t<div class=\"elementor-column elementor-col-33 elementor-top-column elementor-element elementor-element-f909863\" data-id=\"f909863\" data-element_type=\"column\" data-e-type=\"column\">\n\t\t\t<div class=\"elementor-widget-wrap elementor-element-populated\">\n\t\t\t\t\t\t<div class=\"elementor-element elementor-element-ff7a5a3 elementor-widget elementor-widget-image-box\" data-id=\"ff7a5a3\" data-element_type=\"widget\" data-e-type=\"widget\" data-widget_type=\"image-box.default\">\n\t\t\t\t<div class=\"elementor-widget-container\">\n\t\t\t\t\t<div class=\"elementor-image-box-wrapper\"><div class=\"elementor-image-box-content\"><h3 class=\"elementor-image-box-title\">Testimonials from volunteer escorts<\/h3><\/div><\/div>\t\t\t\t<\/div>\n\t\t\t\t<\/div>\n\t\t\t\t<div class=\"elementor-element elementor-element-45402af elementor-widget-divider--view-line elementor-widget elementor-widget-divider\" data-id=\"45402af\" data-element_type=\"widget\" data-e-type=\"widget\" data-widget_type=\"divider.default\">\n\t\t\t\t<div class=\"elementor-widget-container\">\n\t\t\t\t\t<div class=\"elementor-divider\">\n\t\t\t<span class=\"elementor-divider-separator\">\n\t\t\t\t\t\t<\/span>\n\t\t<\/div>\t\t\t\t<\/div>\n\t\t\t\t<\/div>\n\t\t\t\t<div class=\"elementor-element elementor-element-5190a99 elementor-widget elementor-widget-text-editor\" data-id=\"5190a99\" data-element_type=\"widget\" data-e-type=\"widget\" data-widget_type=\"text-editor.default\">\n\t\t\t\t<div class=\"elementor-widget-container\">\n\t\t\t\t\t<p style=\"text-align: center;\"><span data-teams=\"true\">&quot;I find APIC very positive because it allows for real flexibility with the individual, and it removes the institutional aspect. It becomes a real human relationship, almost friendly.&quot;\u00a0<\/span><\/p>\t\t\t\t<\/div>\n\t\t\t\t<\/div>\n\t\t\t\t<div class=\"elementor-element elementor-element-508d17d elementor-widget elementor-widget-text-editor\" data-id=\"508d17d\" data-element_type=\"widget\" data-e-type=\"widget\" data-widget_type=\"text-editor.default\">\n\t\t\t\t<div class=\"elementor-widget-container\">\n\t\t\t\t\t<p style=\"text-align: center;\"><span data-teams=\"true\">&quot;With the person I&#039;m supporting, it&#039;s not even volunteering anymore: she&#039;s someone I respect enormously.&quot;<\/span><\/p>\t\t\t\t<\/div>\n\t\t\t\t<\/div>\n\t\t\t\t<div class=\"elementor-element elementor-element-fe816f4 elementor-widget elementor-widget-text-editor\" data-id=\"fe816f4\" data-element_type=\"widget\" data-e-type=\"widget\" data-widget_type=\"text-editor.default\">\n\t\t\t\t<div class=\"elementor-widget-container\">\n\t\t\t\t\t<p style=\"text-align: center;\"><span data-teams=\"true\">&quot;The project is truly beneficial. It allowed me to build a lasting bond of trust, while respecting the individual&#039;s needs and pace.&quot;<\/span><\/p>\t\t\t\t<\/div>\n\t\t\t\t<\/div>\n\t\t\t\t\t<\/div>\n\t\t<\/div>\n\t\t\t\t<div class=\"elementor-column elementor-col-33 elementor-top-column elementor-element elementor-element-72fa590\" data-id=\"72fa590\" data-element_type=\"column\" data-e-type=\"column\">\n\t\t\t<div class=\"elementor-widget-wrap elementor-element-populated\">\n\t\t\t\t\t\t<div class=\"elementor-element elementor-element-50d2315 elementor-widget elementor-widget-image-box\" data-id=\"50d2315\" data-element_type=\"widget\" data-e-type=\"widget\" data-widget_type=\"image-box.default\">\n\t\t\t\t<div class=\"elementor-widget-container\">\n\t\t\t\t\t<div class=\"elementor-image-box-wrapper\"><div class=\"elementor-image-box-content\"><h3 class=\"elementor-image-box-title\">Testimony from the APIC confinement coordinator:<\/h3><\/div><\/div>\t\t\t\t<\/div>\n\t\t\t\t<\/div>\n\t\t\t\t<div class=\"elementor-element elementor-element-18c52f4 elementor-widget-divider--view-line elementor-widget elementor-widget-divider\" data-id=\"18c52f4\" data-element_type=\"widget\" data-e-type=\"widget\" data-widget_type=\"divider.default\">\n\t\t\t\t<div class=\"elementor-widget-container\">\n\t\t\t\t\t<div class=\"elementor-divider\">\n\t\t\t<span class=\"elementor-divider-separator\">\n\t\t\t\t\t\t<\/span>\n\t\t<\/div>\t\t\t\t<\/div>\n\t\t\t\t<\/div>\n\t\t\t\t<div class=\"elementor-element elementor-element-1dc55a8 elementor-widget elementor-widget-text-editor\" data-id=\"1dc55a8\" data-element_type=\"widget\" data-e-type=\"widget\" data-widget_type=\"text-editor.default\">\n\t\t\t\t<div class=\"elementor-widget-container\">\n\t\t\t\t\t<p style=\"text-align: center;\"><span data-teams=\"true\">&quot;What makes APIC so strong is its flexibility and adaptability. This helps build a real relationship of trust and supports the autonomy of seniors.&quot;<\/span><\/p>\t\t\t\t<\/div>\n\t\t\t\t<\/div>\n\t\t\t\t<div class=\"elementor-element elementor-element-ccd8a8b elementor-widget elementor-widget-text-editor\" data-id=\"ccd8a8b\" data-element_type=\"widget\" data-e-type=\"widget\" data-widget_type=\"text-editor.default\">\n\t\t\t\t<div class=\"elementor-widget-container\">\n\t\t\t\t\t<p style=\"text-align: center;\"><span data-teams=\"true\">\u201cAPIC responds to needs by helping to break isolation and offering human, personalized and meaningful support.\u201d<\/span><\/p>\t\t\t\t<\/div>\n\t\t\t\t<\/div>\n\t\t\t\t\t<\/div>\n\t\t<\/div>\n\t\t\t\t\t<\/div>\n\t\t<\/section>\n\t\t\t\t<\/div>","protected":false},"excerpt":{"rendered":"<p>Mon exp\u00e9rience APIC T\u00e9moignage de participants a\u00een\u00e9s \u00ab \u00c7a nous fait sortir de notre solitude. On est contents quand on voit notre accompagnatrice, \u00e7a fait plaisir parce qu\u2019on sent qu\u2019on essaie de nous aider. \u00bb \u00ab Quand je parle avec elle, \u00e7a me fait du bien, parce que je suis toujours toute seule. J\u2019\u00e9tais habitu\u00e9e [&hellip;]<\/p>\n","protected":false},"author":1,"featured_media":0,"parent":0,"menu_order":0,"comment_status":"closed","ping_status":"closed","template":"","meta":{"footnotes":""},"class_list":["post-551","page","type-page","status-publish","hentry"],"_links":{"self":[{"href":"https:\/\/mlevasseur.recherche.usherbrooke.ca\/en\/wp-json\/wp\/v2\/pages\/551","targetHints":{"allow":["GET"]}}],"collection":[{"href":"https:\/\/mlevasseur.recherche.usherbrooke.ca\/en\/wp-json\/wp\/v2\/pages"}],"about":[{"href":"https:\/\/mlevasseur.recherche.usherbrooke.ca\/en\/wp-json\/wp\/v2\/types\/page"}],"author":[{"embeddable":true,"href":"https:\/\/mlevasseur.recherche.usherbrooke.ca\/en\/wp-json\/wp\/v2\/users\/1"}],"replies":[{"embeddable":true,"href":"https:\/\/mlevasseur.recherche.usherbrooke.ca\/en\/wp-json\/wp\/v2\/comments?post=551"}],"version-history":[{"count":146,"href":"https:\/\/mlevasseur.recherche.usherbrooke.ca\/en\/wp-json\/wp\/v2\/pages\/551\/revisions"}],"predecessor-version":[{"id":2490,"href":"https:\/\/mlevasseur.recherche.usherbrooke.ca\/en\/wp-json\/wp\/v2\/pages\/551\/revisions\/2490"}],"wp:attachment":[{"href":"https:\/\/mlevasseur.recherche.usherbrooke.ca\/en\/wp-json\/wp\/v2\/media?parent=551"}],"curies":[{"name":"wp","href":"https:\/\/api.w.org\/{rel}","templated":true}]}}