{"id":68,"date":"2018-01-10T15:02:36","date_gmt":"2018-01-10T20:02:36","guid":{"rendered":"http:\/\/mlevasseur.recherche.usherbrooke.ca\/?page_id=68"},"modified":"2019-10-31T14:22:46","modified_gmt":"2019-10-31T19:22:46","slug":"echelle-des-quartiers","status":"publish","type":"page","link":"https:\/\/mlevasseur.recherche.usherbrooke.ca\/en\/indice-du-potentiel-de-participation-sociale\/echelle-des-quartiers\/","title":{"rendered":"Neighborhood scale"},"content":{"rendered":"<p>The social participation potential index, at the neighborhood level (<a href=\"http:\/\/www12.statcan.gc.ca\/census-recensement\/2011\/ref\/dict\/geo021-fra.cfm\" target=\"_blank\" rel=\"noopener noreferrer\">diffusion areas<\/a>)<\/p>\n\n\n\n<p>The rank is between 1 (low potential) to 5 (high potential). The classification into ranks was established for each environment (metropolitan, urban and rural) and according to the availability of data (hatched or not, on the map).<\/p>\n\n\n\n<p><a href=\"#resultats\"><strong>Summary of results<\/strong><\/a><\/p>\n\n\n\n<iframe src=\"https:\/\/octobremtl.carto.com\/builder\/65e973ba-dd8f-43fe-af1d-1305046ade9a\/embed\" width=\"100%\" height=\"700\" frameborder=\"1\" allowfullscreen=\"allowfullscreen\"><\/iframe>\n\n\n\n<p><a style=\"font-size: inherit;\" name=\"resultats\"><\/a><\/p>\n\n\n\n<p><strong>Summary of results<\/strong><\/p>\n\n\n\n<p><em>Regression<\/em><\/p>\n\n\n\n<p>In preparation for\u2026<\/p>","protected":false},"excerpt":{"rendered":"<p>L&#8217;indice du potentiel de la participation sociale, \u00e0 l&#8217;\u00e9chelle des quartiers (aires de diffusion) Le rang se situe entre 1 (potentiel faible) \u00e0 5 (potentiel \u00e9lev\u00e9). Le classement en rangs a \u00e9t\u00e9 \u00e9tabli pour chaque milieu (m\u00e9tropolitain, urbain et rural) et selon la disponibilit\u00e9 des donn\u00e9es (hachur\u00e9 ou non, sur la carte). R\u00e9sum\u00e9 des r\u00e9sultats [&hellip;]<\/p>\n","protected":false},"author":1,"featured_media":0,"parent":44,"menu_order":1,"comment_status":"closed","ping_status":"closed","template":"template-full-width.php","meta":{"footnotes":""},"class_list":["post-68","page","type-page","status-publish","hentry"],"_links":{"self":[{"href":"https:\/\/mlevasseur.recherche.usherbrooke.ca\/en\/wp-json\/wp\/v2\/pages\/68","targetHints":{"allow":["GET"]}}],"collection":[{"href":"https:\/\/mlevasseur.recherche.usherbrooke.ca\/en\/wp-json\/wp\/v2\/pages"}],"about":[{"href":"https:\/\/mlevasseur.recherche.usherbrooke.ca\/en\/wp-json\/wp\/v2\/types\/page"}],"author":[{"embeddable":true,"href":"https:\/\/mlevasseur.recherche.usherbrooke.ca\/en\/wp-json\/wp\/v2\/users\/1"}],"replies":[{"embeddable":true,"href":"https:\/\/mlevasseur.recherche.usherbrooke.ca\/en\/wp-json\/wp\/v2\/comments?post=68"}],"version-history":[{"count":35,"href":"https:\/\/mlevasseur.recherche.usherbrooke.ca\/en\/wp-json\/wp\/v2\/pages\/68\/revisions"}],"predecessor-version":[{"id":206,"href":"https:\/\/mlevasseur.recherche.usherbrooke.ca\/en\/wp-json\/wp\/v2\/pages\/68\/revisions\/206"}],"up":[{"embeddable":true,"href":"https:\/\/mlevasseur.recherche.usherbrooke.ca\/en\/wp-json\/wp\/v2\/pages\/44"}],"wp:attachment":[{"href":"https:\/\/mlevasseur.recherche.usherbrooke.ca\/en\/wp-json\/wp\/v2\/media?parent=68"}],"curies":[{"name":"wp","href":"https:\/\/api.w.org\/{rel}","templated":true}]}}